{"id":60,"date":"2015-07-10T13:07:48","date_gmt":"2015-07-10T11:07:48","guid":{"rendered":"http:\/\/boligmesse.wearemoka.com\/en\/?page_id=60"},"modified":"2024-05-04T11:52:02","modified_gmt":"2024-05-04T09:52:02","slug":"om-os","status":"publish","type":"page","link":"https:\/\/boligdage.dk\/en\/om-os\/","title":{"rendered":"About"},"content":{"rendered":"<p class=\"qtranxs-available-languages-message qtranxs-available-languages-message-en\">Sorry, this entry is only available in <a href=\"https:\/\/boligdage.dk\/da\/wp-json\/wp\/v2\/pages\/60\" class=\"qtranxs-available-language-link qtranxs-available-language-link-da\" title=\"DA\">DA<\/a>.<\/p><p><strong>Professionel messearrang\u00f8r med over 25 \u00e5rs erfaring<\/strong><\/p>\n<p>Siden vores grundl\u00e6ggelse i 1997 har Compass Fairs ApS udviklet sig til at blive en f\u00f8rende akt\u00f8r inden for messer. Med hovedkvarter i R\u00f8dekro og et dedikeret team p\u00e5 48 medarbejdere, arrangerer vi \u00e5rligt 12 Bolig &amp; Livsstilsmesser, heraf to i Tyskland. Vores messer tiltr\u00e6kker \u00e5rligt mange tusinde bes\u00f8gende, som s\u00f8ger inspiration, gode r\u00e5d, messetilbud og kvalitetsprodukter inden for bolig og livsstil.<\/p>\n<p><strong>Messer som en magtfuld marketingplatform<\/strong><\/p>\n<p>I en \u00e6ra, hvor digitale strategier dominerer, mener vi stadig, at fysiske messer udg\u00f8r en af de mest effektive salgs- og markedspladser. En messe giver en unik mulighed for direkte interaktion mellem udstillere og bes\u00f8gende, hvilket skaber en ideel platform for udveksling af ideer, produkter og tjenester. Dette skaber en win-win situation for begge parter:<br \/>\nBes\u00f8gende f\u00e5r direkte adgang til eksperthj\u00e6lp og ny inspiration, mens udstillere f\u00e5r mulighed for at pr\u00e6sentere deres tilbud til et engageret og relevant publikum.<\/p>\n<p><strong>Vores ydelser<br \/>\n<\/strong>Ud over at arrangere egne forbrugermesser fungerer vi ogs\u00e5 som totalleverand\u00f8r af messeudstyr og unikke messestande. Vi leverer alt n\u00f8dvendigt udstyr til messer, kongresser, konferencer og andre begivenheder, store som sm\u00e5.<\/p>\n<p>Vores brede vifte af tjenester sikrer, at vi kan h\u00e5ndtere alle aspekter af et messearrangement, fra planl\u00e6gning til udf\u00f8relse, s\u00e5 vores kunder kan fokusere p\u00e5 det, der virkelig t\u00e6ller \u2013 deres pr\u00e6sentation og interaktion med publikum.<\/p>\n<p><strong>Inklud\u00e9r messer i din marketingstrategi<br \/>\n<\/strong>Ved at integrere messer i din marketingstrategi, kan du skabe en st\u00e6rkere, mere vedvarende og fysisk tilstedev\u00e6relse p\u00e5 markedet. Invester i en platform, der ikke alene forst\u00e6rker din markedsf\u00f8ring, men ogs\u00e5 mangedobler dit salgspotentiale ved at udnytte den direkte kontakt til dit publikum.<\/p>\n<p>Bes\u00f8g os p\u00e5 <a href=\"http:\/\/www.compassfairs.dk\/\" target=\"_new\" rel=\"noreferrer noopener\">Compass Fairs ApS<\/a> for at l\u00e6re mere om, hvordan vi kan hj\u00e6lpe dig med at realisere dit n\u00e6ste store event og maksimere dit udbytte af messeinvesteringen.<\/p>","protected":false},"excerpt":{"rendered":"<p>Sorry, this entry is only available in DA.Professionel messearrang\u00f8r med over 25 \u00e5rs erfaring Siden vores grundl\u00e6ggelse i 1997 har Compass Fairs ApS udviklet sig til at blive en f\u00f8rende akt\u00f8r inden for messer. Med hovedkvarter i R\u00f8dekro og et dedikeret team p\u00e5 48 medarbejdere, arrangerer vi \u00e5rligt 12 Bolig &amp; Livsstilsmesser, heraf to i &hellip; <a href=\"https:\/\/boligdage.dk\/en\/om-os\/\" class=\"more-link\">Continue reading <span class=\"screen-reader-text\">About<\/span><\/a><\/p>\n","protected":false},"author":1,"featured_media":0,"parent":0,"menu_order":0,"comment_status":"closed","ping_status":"closed","template":"page-about.php","meta":{"inline_featured_image":false,"_exactmetrics_skip_tracking":false,"_exactmetrics_sitenote_active":false,"_exactmetrics_sitenote_note":"","_exactmetrics_sitenote_category":0,"footnotes":""},"class_list":["post-60","page","type-page","status-publish","hentry"],"acf":[],"_links":{"self":[{"href":"https:\/\/boligdage.dk\/en\/wp-json\/wp\/v2\/pages\/60","targetHints":{"allow":["GET"]}}],"collection":[{"href":"https:\/\/boligdage.dk\/en\/wp-json\/wp\/v2\/pages"}],"about":[{"href":"https:\/\/boligdage.dk\/en\/wp-json\/wp\/v2\/types\/page"}],"author":[{"embeddable":true,"href":"https:\/\/boligdage.dk\/en\/wp-json\/wp\/v2\/users\/1"}],"replies":[{"embeddable":true,"href":"https:\/\/boligdage.dk\/en\/wp-json\/wp\/v2\/comments?post=60"}],"version-history":[{"count":4,"href":"https:\/\/boligdage.dk\/en\/wp-json\/wp\/v2\/pages\/60\/revisions"}],"predecessor-version":[{"id":6936,"href":"https:\/\/boligdage.dk\/en\/wp-json\/wp\/v2\/pages\/60\/revisions\/6936"}],"wp:attachment":[{"href":"https:\/\/boligdage.dk\/en\/wp-json\/wp\/v2\/media?parent=60"}],"curies":[{"name":"wp","href":"https:\/\/api.w.org\/{rel}","templated":true}]}}