{"id":199,"date":"2015-08-03T16:58:51","date_gmt":"2015-08-03T16:58:51","guid":{"rendered":"http:\/\/boligmesse.wearemoka.com\/en\/?page_id=199"},"modified":"2024-09-21T10:08:04","modified_gmt":"2024-09-21T08:08:04","slug":"terms-and-conditions","status":"publish","type":"page","link":"https:\/\/boligdage.dk\/en\/om-os\/terms-and-conditions\/","title":{"rendered":"Terms and conditions"},"content":{"rendered":"<p class=\"qtranxs-available-languages-message qtranxs-available-languages-message-en\">Sorry, this entry is only available in <a href=\"https:\/\/boligdage.dk\/da\/wp-json\/wp\/v2\/pages\/199\" class=\"qtranxs-available-language-link qtranxs-available-language-link-da\" title=\"DA\">DA<\/a>.<\/p><p><strong>\u00a7 1 &#8211; Kontraktbetingelser<\/strong><br \/>\nF\u00f8lgende kontraktvilk\u00e5r er g\u00e6ldende ved leje af stand p\u00e5 en af Compass Fairs (CF) arrangeret messe. Med sin accept \/ underskrift af messekontrakten<br \/>\naccepterer lejer, at lejer grundet retsforholdets s\u00e6rlige natur opn\u00e5r v\u00e6sentligt f\u00e6rre rettigheder eller p\u00e5l\u00e6gges v\u00e6sentligt st\u00f8rre forpligtelser end s\u00e6dvanligvis hjemlet af dansk ret.<br \/>\nLejers og CFs rettigheder og forpligtelser fremg\u00e5r af n\u00e6rv\u00e6rende kontraktvilk\u00e5r.<\/p>\n<p>\u00a7 2: Brugsretten til det lejede er betinget af at kontraktvilk\u00e5rene n\u00f8je overholdes af lejer.<\/p>\n<p>\u00a7 3 &#8211; Aftaleindg\u00e5else:<br \/>\n\u00c6ndringer i aftalevilk\u00e5rene er alene bindende for CF n\u00e5r disse er udtrykkeligt tiltr\u00e5dt af CF.<\/p>\n<p>\u00a7 4: Aftaler mellem lejer og CF er alene bindende for CF n\u00e5r disse er tilf\u00f8jet messekontrakten og bekr\u00e6ftet skriftligt af CF.<\/p>\n<p>\u00a7 5: Aftalen er bindende for lejer, og lejer er ikke berettiget til ensidigt at afbestille den lejede stand eller annullere aftalen.<\/p>\n<p>\u00a7 6 &#8211; Betaling: Den aftalte standleje skal erl\u00e6gges senest ved forfald som angivet i messekontrakten. Evt. ekstraydelser aftalt mellem CF og lejer forfalder til betaling 10 dage efter fakturering.<\/p>\n<p><strong>\u00a7 7 &#8211; Messens afvikling:<\/strong><br \/>\nVed standens indretning og opbygning skal lejer rette sig efter CF&#8217;s retningslinjer og anvisninger.<\/p>\n<p style=\"font-weight: 400;\">Compass Fairs st\u00e5r til r\u00e5dighed under hele messen til praktiske sp\u00f8rgsm\u00e5l og kan til en hver tid findes p\u00e5 det opstillede info stand.<\/p>\n<p>\u00a7 8 &#8211; Messens afvikling &#8211; CF&#8217;s rettigheder: CF bestemmer standens beliggenhed, idet der dog i videst mulige omfang tages hensyn til lejers<br \/>\n\u00f8nsker.<\/p>\n<p>\u00a7 9: CF er berettiget til at \u00e6ndre den aftalte placering, herunder at foretage begr\u00e6nsninger i standens areal uden at ifalde erstatningsansvar<br \/>\noverfor lejer. Standlejen reduceres forholdsm\u00e6ssigt i overensstemmelse hermed.<\/p>\n<p>\u00a7 10: CF er berettiget til i forbindelse med messen uden lejers samtykke at anvende lejers navn ved annoncering i markedsf\u00f8ringsm\u00e6ssig \u00f8jemed.<\/p>\n<p>\u00a7 11: CF er berettiget til helt eller delvist at begr\u00e6nse antallet af g\u00e6ster og bes\u00f8gende til messen.<\/p>\n<p><strong>\u00a7 12 &#8211; Messens afvikling &#8211; lejers forpligtelser:<\/strong><br \/>\n1. Lejer er ikke berettiget til at fremleje eller udl\u00e5ne det lejede.<\/p>\n<p>2. Standen skal v\u00e6re bragt i beh\u00f8rig udstillingsklar og skal v\u00e6re bemandet inden messens \u00e5bning, og skal forblive i s\u00e5dan stand i hele messens \u00e5bningstid.<\/p>\n<p>3. Lejers udstilling m\u00e5 ikke v\u00e6re til gene for de \u00f8vrige stande.<\/p>\n<p>4. Lejer har alene brugsret til den lejede stand. Der m\u00e5 ikke udstilles i gangarealer mv.<\/p>\n<p>5. Lejer m\u00e5 ikke foretage indgreb i standen, messens inventar, v\u00e6gge, s\u00f8jler, lofter eller gulve.<\/p>\n<p>6 .Lejer m\u00e5 ikke reklamere for virksomheder, der ikke er lejere p\u00e5 messen og\/eller godkendt af CF.<\/p>\n<p>7. Lejer m\u00e5 ikke omdele reklamer el.lign. udenfor standen.<\/p>\n<p>8. Standen skal v\u00e6re t\u00f8mt og ryddeliggjort senest kl. 23.00 p\u00e5 messens sidste afviklingsdag, med mindre der indg\u00e5s anden s\u00e6rskilt aftale<br \/>\nmed CF herom. Ikke rettidigt bortfjernede effekter vil af CF blive bortfjernet for lejers regning og risiko.<\/p>\n<p>9. <strong>Nedtagning m\u00e5 IKKE p\u00e5begyndes f\u00f8r kl. 16.00<\/strong>. Compass Fairs forbeholder sig retten til at fakturere overtr\u00e6delsen med DKK 5.000,00,-<\/p>\n<p>Opst\u00e5r der tvivls f\u00e6lde vedr. n\u00e6rv\u00e6rende bestemmelse, afg\u00f8r CF eller dennes repr\u00e6sentant, hvorvidt bestemmelsen er overtr\u00e5dt.<\/p>\n<p>\u00a7 13 &#8211; <strong>Messens afvikling &#8211; sikkerhed:<\/strong><br \/>\nLejer h\u00e6fter for de udstillede effekters lovlighed, herunder, at de udstillede effekter er forsynet med de i den relevante lovgivning kr\u00e6vede sikringsdele, uanset om effekterne udstilles i drift eller ej.<\/p>\n<p>\u00a7 14: Demonstrationer, der kan v\u00e6re til gene for de \u00f8vrige lejere eller messens g\u00e6ster ved udvikling af st\u00f8j, st\u00f8v, r\u00f8g, gas, damp, luft el. lign.<br \/>\nm\u00e5 alene finde sted efter CF&#8217;s udtrykkelige forudg\u00e5ende godkendelse.<\/p>\n<p>\u00a7 15: Udlevering af spise- og drikkevarer o.lign. m\u00e5 alene finde sted efter CF&#8217;s udtrykkelige forudg\u00e5ende godkendelse. Godkendelse kan<br \/>\nbetinges af betaling af s\u00e6rskilt afgift til CF. Det p\u00e5hviler lejer at opn\u00e5 tilladelse fra relevante myndigheder til udlevering af spise- og drikkevarer o.lign.<\/p>\n<p>\u00a7 16: CF er ikke ansvarlig for skader, h\u00e6ndelige, uagtsomme eller fors\u00e6tlige, som lejer eller dennes folk p\u00e5f\u00f8rer messens g\u00e6ster, tredjemand, messens lokaler, udstyr mv. eller \u00f8vrige lejere eller udstillere.<\/p>\n<p><strong>\u00a7 17 &#8211; Misligholdelse:<\/strong><br \/>\nLejers forsinkelse med betaling af en rate, udeblivelse fra messen, manglende overholdes af n\u00e6rv\u00e6rende kontraktvilk\u00e5r, eller CF&#8217;s retningslinjer eller anvisninger, er at betragte som v\u00e6sentlig misligholdelse af den indg\u00e5ede aftale.<\/p>\n<p>Ved lejers v\u00e6sentlige misligholdelse er CF berettiget til at oph\u00e6ve den indg\u00e5ede aftale eller fastholde lejer heri, bortvise lejer fra messen, samt kr\u00e6ve samtlige sine tab begrundet i lejers misligholdelse erstattet af lejer.<br \/>\nVed misligholdelse af aftalen fortaber lejer herudover samtidig enhver evt. ret til tilbagebetaling af evt. indbetalte bel\u00f8b.<\/p>\n<p>\u00a7 18: <strong>Udebliver lejer fra messen<\/strong>, eller er lejers stand ikke beh\u00f8rigt udstillingsklar, er CF berettiget til at lade tredjemand foretage udsmykning af<br \/>\nden lejede stand for lejers regning, eller udleje standen til anden lejer.<\/p>\n<p>\u00a7 19: <strong>Afmeldingsgebyr:<br \/>\n<\/strong>\u00d8nsker en udstiller at annullere den gensidige bindende messeaftalen g\u00e6lder f\u00f8lgende:<\/p>\n<p style=\"font-weight: 400;\">3 m\u00e5neder f\u00f8r messen udl\u00f8ser et afmeldingsgebyr p\u00e5 100% af stand lejen.<br \/>\n<span style=\"font-weight: 400;\">6 m\u00e5neder f\u00f8r messen udl\u00f8ser et afmeldingsgebyr p\u00e5 50% af stand lejen.<\/span><\/p>\n<p><strong>\u00a7 20 &#8211; Force majeure:<\/strong><br \/>\nCF er ved force majeure uden ansvar for ethvert tab lejer eller tredjemand m\u00e5tte lide som f\u00f8lge af forsinkelse, mangler, flytning eller uds\u00e6ttelse af messen el.lign. Force majeure er bl.a. men ikke begr\u00e6nset til, offentlige myndigheders p\u00e5bud eller forbud, krig, mobilisering, borgerlige uroligheder, naturkatastrofer, strejker, lockouts, svigtende forsyninger af r\u00e5varer, ildebrand, beskadigelse af CF eller CF&#8217;s leverand\u00f8rers produktions-, lager- eller transportapparat, svigtende transport muligheder, import- og eksport restriktioner af enhver art eller enhver anden ikke forudsigelig begivenhed, som hindrer eller begr\u00e6nser CF&#8217;s muligheder for at levere eller yde den p\u00e5g\u00e6ldende ydelse. CF kan i tilf\u00e6lde af force majeure opsige aftalen. K\u00f8ber er ikke berettiget til erstatning i den anledning.<\/p>\n<p><strong>\u00a7 21 &#8211; Lovvalg og v\u00e6rneting:<\/strong><br \/>\nFor eventuelle tvister mellem CF og lejer, der udspringer af n\u00e6rv\u00e6rende aftale, finder dansk ret anvendelse, og v\u00e6rneting for indg\u00e5ede aftaler er aftalt til Retten i S\u00f8nderborg, medmindre CF m\u00e5tte \u00f8nske at indbringe sagen for lejers v\u00e6rneting.<\/p>\n<p>\/R\u00f8dekro, den 18. maj 2018<\/p>","protected":false},"excerpt":{"rendered":"<p>Sorry, this entry is only available in DA.\u00a7 1 &#8211; Kontraktbetingelser F\u00f8lgende kontraktvilk\u00e5r er g\u00e6ldende ved leje af stand p\u00e5 en af Compass Fairs (CF) arrangeret messe. Med sin accept \/ underskrift af messekontrakten accepterer lejer, at lejer grundet retsforholdets s\u00e6rlige natur opn\u00e5r v\u00e6sentligt f\u00e6rre rettigheder eller p\u00e5l\u00e6gges v\u00e6sentligt st\u00f8rre forpligtelser end s\u00e6dvanligvis hjemlet af &hellip; <a href=\"https:\/\/boligdage.dk\/en\/om-os\/terms-and-conditions\/\" class=\"more-link\">Continue reading <span class=\"screen-reader-text\">Terms and conditions<\/span><\/a><\/p>\n","protected":false},"author":1,"featured_media":0,"parent":60,"menu_order":0,"comment_status":"closed","ping_status":"closed","template":"page-termsandconditions.php","meta":{"inline_featured_image":false,"_exactmetrics_skip_tracking":false,"_exactmetrics_sitenote_active":false,"_exactmetrics_sitenote_note":"","_exactmetrics_sitenote_category":0,"footnotes":""},"class_list":["post-199","page","type-page","status-publish","hentry"],"acf":[],"_links":{"self":[{"href":"https:\/\/boligdage.dk\/en\/wp-json\/wp\/v2\/pages\/199","targetHints":{"allow":["GET"]}}],"collection":[{"href":"https:\/\/boligdage.dk\/en\/wp-json\/wp\/v2\/pages"}],"about":[{"href":"https:\/\/boligdage.dk\/en\/wp-json\/wp\/v2\/types\/page"}],"author":[{"embeddable":true,"href":"https:\/\/boligdage.dk\/en\/wp-json\/wp\/v2\/users\/1"}],"replies":[{"embeddable":true,"href":"https:\/\/boligdage.dk\/en\/wp-json\/wp\/v2\/comments?post=199"}],"version-history":[{"count":5,"href":"https:\/\/boligdage.dk\/en\/wp-json\/wp\/v2\/pages\/199\/revisions"}],"predecessor-version":[{"id":7111,"href":"https:\/\/boligdage.dk\/en\/wp-json\/wp\/v2\/pages\/199\/revisions\/7111"}],"up":[{"embeddable":true,"href":"https:\/\/boligdage.dk\/en\/wp-json\/wp\/v2\/pages\/60"}],"wp:attachment":[{"href":"https:\/\/boligdage.dk\/en\/wp-json\/wp\/v2\/media?parent=199"}],"curies":[{"name":"wp","href":"https:\/\/api.w.org\/{rel}","templated":true}]}}