{"id":3341,"date":"2018-05-11T13:41:00","date_gmt":"2018-05-11T11:41:00","guid":{"rendered":"http:\/\/boligdage.dk\/en\/?page_id=3341"},"modified":"2024-05-04T11:26:51","modified_gmt":"2024-05-04T09:26:51","slug":"fortrolighedspolitik","status":"publish","type":"page","link":"https:\/\/boligdage.dk\/da\/fortrolighedspolitik\/","title":{"rendered":"Privatlivspolitik"},"content":{"rendered":"<p><strong>Dataansvarlig<br \/>\n<\/strong>Compass Fairs ApS er dataansvarlig for de personoplysninger, der behandles, n\u00e5r du bruger vores services,\u00a0herunder hjemmeside, nyhedsbreve, kontaktformularer, sociale medier, konkurrencer, k\u00f8b af messestand\/udstyr, annoncer i messekataloger samt messer og events mv.<\/p>\n<p><strong>H\u00c5NDTERING AF PERSONOPLYSNINGER<\/strong><br \/>\nHos Compass Fairs registrerer og behandler vi personoplysninger i forbindelse med salg og markedsf\u00f8ring, planl\u00e6gning, koordinering og afvikling af messer &amp; events.<\/p>\n<p>I det f\u00f8lgende vil vi orientere dig om, hvorfor vi registrerer disse oplysninger, hvilke oplysninger vi registrerer, hvilke oplysninger vi videregiver og deler samt hvilke oplysninger vi behandler. Desuden vil vi orientere om de<br \/>\nsikkerhedsforanstaltninger vi har truffet.<\/p>\n<p><strong>HVORFOR REGISTRERER VI PERSONOPLYSNINGER?<\/strong><\/p>\n<ul>\n<li>For at servicere vores kunder og g\u00e6ster bedst muligt<\/li>\n<li>For at overholde g\u00e6ldende lovgivning.<\/li>\n<li>For at forhindre brud p\u00e5 datasikkerheden og skadelig brug af vores website<\/li>\n<\/ul>\n<p><strong>HVILKE OPLYSNINGER REGISTRERER, OPBEVARER OG BEHANDLER VI?<\/strong><\/p>\n<ul>\n<li>Kontaktoplysninger ved tilmelding til nyhedsbreve<\/li>\n<li>Kontaktoplysninger ved standforesp\u00f8rgsler<\/li>\n<li>Kontaktoplysninger ved k\u00f8b af billetter<\/li>\n<li>Kontaktoplysninger ved k\u00f8b af messestand<\/li>\n<li>Kontaktoplysninger ved k\u00f8b af messeudstyr<\/li>\n<li>Kontaktoplysninger ved k\u00f8b af annoncer i messekataloger<\/li>\n<li>Kontaktoplysninger ved deltagelse i vores konkurrencer<\/li>\n<li>Kontaktoplysninger ved udfylding af vores kontaktformular<\/li>\n<\/ul>\n<p>Alle overn\u00e6vnte oplysninger opbevarer og behandler vi kun efter personers samtykke. Det er altid muligt at f\u00e5 slettet sine oplysninger.<\/p>\n<p>Oplysningerne slettes eller anonymiseres senest 12 m\u00e5neder efter tilbagetr\u00e6kning af samtykke eller senest modtagne nyhedsbrev, medmindre samtykke eller nyhedsbrev medf\u00f8rer et samarbejde, kundeforhold eller andet forhold af tilsvarende karakter.<\/p>\n<p>De indsamlede personoplysninger bruges hverken til profilering eller til at tr\u00e6ffe automatiske afg\u00f8relser.<\/p>\n<p>Personf\u00f8lsomme oplysninger er kun tilg\u00e6ngelige for de medarbejdere som har brug for oplysningen til at udf\u00f8re deres arbejde.<\/p>\n<p>Ans\u00f8gninger opbevares kun efter personers samtykke og ans\u00f8geren har altid mulighed for at slette sin ans\u00f8gning igen.<\/p>\n<p>Brugergenerende data bruger vi til at tilpasse vores hjemmeside, s\u00e5 den fungerer s\u00e5 optimal som muligt, og er sikker for vores bes\u00f8gende. For mere information henviser vi til vores cookiepolitik, som du kan finde <a class=\"link1\" href=\"https:\/\/boligdage.dk\/da\/cookies\/\" rel=\"noopener noreferrer\" data-udi=\"umb:\/\/document\/105adb4936db43ff8fddc15bea7001a0\">her<\/a>.<\/p>\n<p><strong>Foto- og videopolitik<\/strong><br \/>\nVores team g\u00e5r meget op i at forevige vores messer &amp; events med billeder og video. Derfor kan der blive taget billeder og filmet til nogle af vores arrangementer. Det betyder, at du som g\u00e6st vil kunne indg\u00e5 som en del af publikum p\u00e5 det producerede materiale.<\/p>\n<p>Der vil v\u00e6re skiltning til alle de arrangementer, hvor der bliver fotograferet eller filmet. Hvis du som g\u00e6st oplever at blive filmet eller fotograferet, og du ikke \u00f8nsker at materialet bliver delt, bedes du kontakte os p\u00e5 info@compassfairs.dk<\/p>\n<p>Du har til enhver tid ret til at g\u00f8re indsigelse mod behandlingen, bede om indsigt, anmode om sletning og anmode om at f\u00e5 behandlingen begr\u00e6nset.<br \/>\n\u00d8nsker du dette, bedes du ogs\u00e5 kontakte os p\u00e5 info@compassfairs.dk<\/p>\n<p><strong>Videregivelse af oplysninger.<br \/>\n<\/strong>Hvis personoplysninger behandles eller opbevares hos tredjepart, har Compass Fairs indg\u00e5et en databehandleraftale med disse og\/eller indhentet tredjepartens politik vedr. h\u00e5ndtering af persondata og IT-sikkerhed.<\/p>\n<p>Tredjepart m\u00e5 ikke bruge oplysninger til andre form\u00e5l end Compass Fairs har givet instrukser til.<br \/>\nTredjepart skal sikre et h\u00f8jt sikkerhedsniveau samt give Compass Fairs \u00f8jeblikkelig besked ved brud p\u00e5 IT- og datasikkerhed.<\/p>\n<p>I forbindelse med at m\u00e5lrette annoncering, f.eks. i form af bannerannoncer p\u00e5 Facebook og\/eller lignende, videregiver vi oplysninger til tredjeparter som Facebook og Google, hvis vores bes\u00f8gende p\u00e5 vores hjemmeside har sagt ja til cookies.\u00a0Se vores cookiepolitik <a class=\"link1\" href=\"page:89F52BB1-6FED-45E6-92C6-E7E45A660659\">her.<\/a><\/p>\n<p>Ved tilmelding af nyhedsbreve samt ved standforesp\u00f8rgsler, opgiver personer selv de oplysninger, de \u00f8nsker vi skal registrere, og de skal samtidig acceptere vores persondatapolitik. Vi videregiver kun dine oplysninger, hvis du selv har givet os dit samtykke.<\/p>\n<p><strong>Sikker opbevaring af oplysninger<\/strong><br \/>\nAlle medarbejdere i Compass Fairs er orienteret om reglerne for h\u00e5ndtering af persondata og arbejder efter Compass Fairs politik for IT- og datasikkerhed.<\/p>\n<p>Hos Compass Fairs har vi implementeret de tekniske og organisatoriske foranstaltninger, som vi finder n\u00f8dvendige for at sikre at vi lever op til g\u00e6ldende persondatalovgivning. Det indeb\u00e6rer bl.a. at der er adgangsbegr\u00e6nsning p\u00e5 adgang til personoplysninger.<\/p>\n<p>Det betyder, at personoplysninger kun registreres ved og behandles af de medarbejdere, hvis arbejde det er relevant for. Almindelige personoplysninger opbevares i max. 10 \u00e5r, mens personf\u00f8lsomme oplysninger slettes efter endt brug.<br \/>\nVi evaluerer og tilpasser l\u00f8bende vores sikkerhedsforanstaltninger.<\/p>\n<p>&nbsp;<\/p>\n<p><strong>Hvis du har sp\u00f8rgsm\u00e5l vedr\u00f8rende vores privatlivspolitik, bedes du kontakte os via denne formular:<\/strong><\/p>","protected":false},"excerpt":{"rendered":"<p>Dataansvarlig Compass Fairs ApS er dataansvarlig for de personoplysninger, der behandles, n\u00e5r du bruger vores services,\u00a0herunder hjemmeside, nyhedsbreve, kontaktformularer, sociale medier, konkurrencer, k\u00f8b af messestand\/udstyr, annoncer i messekataloger samt messer og events mv. H\u00c5NDTERING AF PERSONOPLYSNINGER Hos Compass Fairs registrerer og behandler vi personoplysninger i forbindelse med salg og markedsf\u00f8ring, planl\u00e6gning, koordinering og afvikling af &hellip; <a href=\"https:\/\/boligdage.dk\/da\/fortrolighedspolitik\/\" class=\"more-link\">Continue reading <span class=\"screen-reader-text\">Privatlivspolitik<\/span><\/a><\/p>\n","protected":false},"author":460335,"featured_media":0,"parent":0,"menu_order":0,"comment_status":"closed","ping_status":"closed","template":"page-privacypolicy.php","meta":{"inline_featured_image":false,"_exactmetrics_skip_tracking":false,"_exactmetrics_sitenote_active":false,"_exactmetrics_sitenote_note":"","_exactmetrics_sitenote_category":0,"footnotes":""},"class_list":["post-3341","page","type-page","status-publish","hentry"],"acf":[],"_links":{"self":[{"href":"https:\/\/boligdage.dk\/da\/wp-json\/wp\/v2\/pages\/3341","targetHints":{"allow":["GET"]}}],"collection":[{"href":"https:\/\/boligdage.dk\/da\/wp-json\/wp\/v2\/pages"}],"about":[{"href":"https:\/\/boligdage.dk\/da\/wp-json\/wp\/v2\/types\/page"}],"author":[{"embeddable":true,"href":"https:\/\/boligdage.dk\/da\/wp-json\/wp\/v2\/users\/460335"}],"replies":[{"embeddable":true,"href":"https:\/\/boligdage.dk\/da\/wp-json\/wp\/v2\/comments?post=3341"}],"version-history":[{"count":7,"href":"https:\/\/boligdage.dk\/da\/wp-json\/wp\/v2\/pages\/3341\/revisions"}],"predecessor-version":[{"id":6934,"href":"https:\/\/boligdage.dk\/da\/wp-json\/wp\/v2\/pages\/3341\/revisions\/6934"}],"wp:attachment":[{"href":"https:\/\/boligdage.dk\/da\/wp-json\/wp\/v2\/media?parent=3341"}],"curies":[{"name":"wp","href":"https:\/\/api.w.org\/{rel}","templated":true}]}}