{"id":3339,"date":"2018-05-11T13:39:54","date_gmt":"2018-05-11T11:39:54","guid":{"rendered":"http:\/\/boligdage.dk\/en\/?page_id=3339"},"modified":"2024-05-04T11:29:06","modified_gmt":"2024-05-04T09:29:06","slug":"cookies","status":"publish","type":"page","link":"http:\/\/boligdage.dk\/da\/cookies\/","title":{"rendered":"Cookies"},"content":{"rendered":"<p><strong>Cookie-politik<br \/>\n<\/strong>Vi bruger cookies til at sikre, at siden fungerer, at vi baseret p\u00e5 statistik tilbyder de rigtige informationer,\u00a0og at din oplevelse dermed bliver bedst mulig. N\u00e5r du klikker p\u00e5 Tillad valgte eller Tillad alle nedenfor, giver du samtykke til, at vi m\u00e5 bruge de p\u00e5g\u00e6ldende cookies.<\/p>\n<p>Du kan altid \u00e6ndre eller tilbagekalde dit samtykke ved at frav\u00e6lge cookies i cookieindstillingerne, som du finder i nederste venstre hj\u00f8rne her p\u00e5 siden. Du kan ogs\u00e5 blokere cookies i din browser.<\/p>\n<p><strong>Hvad er en cookie?<\/strong><br \/>\nEn cookie er en tekstfil, der placeres p\u00e5 din computer, n\u00e5r du bes\u00f8ger en hjemmeside.<\/p>\n<p>Her gemmes informationer, som bruges, n\u00e6ste gang du bes\u00f8ger siden. Det er ofte informationer, der er n\u00f8dvendige for at f\u00e5 hjemmesiden til at fungere, men det kan ogs\u00e5 v\u00e6re cookies til at sikre pr\u00e6ferencer, statistik og en god brugeroplevelse. Brug af cookies kr\u00e6ver samtykke fra dig.<\/p>\n<p><strong>Er en cookie skadelig?<br \/>\n<\/strong>En cookie er ikke en programfil. Derfor kan den ikke selv g\u00f8re noget aktivt p\u00e5 din computer.<\/p>\n<p>Den kan ikke indsamle oplysninger, sprede virus eller p\u00e5 anden m\u00e5de g\u00f8re skade.<br \/>\nIndholdet af en cookie l\u00e6ses og skrives kun af de hjemmesider, du som bruger bes\u00f8ger.<\/p>\n<p><strong>Hvad bruger vi cookies til?<\/strong><br \/>\nVi bruger cookies til at tilpasse vores indhold og annoncer, til at vise dig funktioner til sociale medier og til at analysere vores trafik. Vi deler ogs\u00e5 oplysninger om din brug af vores website med vores partnere<br \/>\ninden for sociale medier, annonceringspartnere og analysepartnere.<\/p>\n<p>Dette websted bruger forskellige typer af cookies.<br \/>\nNogle cookies s\u00e6ttes af tredjeparts tjenester, der vises p\u00e5 vores sider.<\/p>\n<p><strong>\u00c6ndring af samtykke<br \/>\n<\/strong>Dette websted bruger forskellige slags cookies, hvoraf nogle s\u00e6ttes af tredjepartstjenester, der vises p\u00e5 vores sider. Du kan altid \u00e6ndre eller tilbagekalde dit samtykke ved at frav\u00e6lge cookies i cookieindstillingerne, som du finder i nederste venstre hj\u00f8rne p\u00e5 alle sider.<br \/>\nDu kan ogs\u00e5 blokere cookies i din browser, eller slette dem.<\/p>\n<p>Hvordan dette g\u00f8res, afh\u00e6nger af, hvilken browser der anvendes.<br \/>\nFind yderligere oplysninger om, hvordan du undg\u00e5r cookies i den p\u00e5g\u00e6ldende browsers indstillinger.<\/p>\n<p><strong>Vil du vide mere?<\/strong><br \/>\nL\u00e6s mere om, hvordan vi behandler personoplysninger ved bes\u00f8g her p\u00e5 hjemmesiden i vores <a class=\"link1\" href=\"https:\/\/boligdage.dk\/da\/fortrolighedspolitik\/\" rel=\"noopener noreferrer\">privatlivspolitik<\/a>.<\/p>\n<p>Hvis du \u00f8nsker mere detaljeret information om cookies, som vi bruger, bedes du sende en mail til: info@compassfairs.dk.<\/p>","protected":false},"excerpt":{"rendered":"<p>Cookie-politik Vi bruger cookies til at sikre, at siden fungerer, at vi baseret p\u00e5 statistik tilbyder de rigtige informationer,\u00a0og at din oplevelse dermed bliver bedst mulig. N\u00e5r du klikker p\u00e5 Tillad valgte eller Tillad alle nedenfor, giver du samtykke til, at vi m\u00e5 bruge de p\u00e5g\u00e6ldende cookies. Du kan altid \u00e6ndre eller tilbagekalde dit samtykke &hellip; <a href=\"http:\/\/boligdage.dk\/da\/cookies\/\" class=\"more-link\">Continue reading <span class=\"screen-reader-text\">Cookies<\/span><\/a><\/p>\n","protected":false},"author":460335,"featured_media":0,"parent":0,"menu_order":0,"comment_status":"closed","ping_status":"closed","template":"page-cookies.php","meta":{"inline_featured_image":false,"_exactmetrics_skip_tracking":false,"_exactmetrics_sitenote_active":false,"_exactmetrics_sitenote_note":"","_exactmetrics_sitenote_category":0,"footnotes":""},"class_list":["post-3339","page","type-page","status-publish","hentry"],"acf":[],"_links":{"self":[{"href":"http:\/\/boligdage.dk\/da\/wp-json\/wp\/v2\/pages\/3339","targetHints":{"allow":["GET"]}}],"collection":[{"href":"http:\/\/boligdage.dk\/da\/wp-json\/wp\/v2\/pages"}],"about":[{"href":"http:\/\/boligdage.dk\/da\/wp-json\/wp\/v2\/types\/page"}],"author":[{"embeddable":true,"href":"http:\/\/boligdage.dk\/da\/wp-json\/wp\/v2\/users\/460335"}],"replies":[{"embeddable":true,"href":"http:\/\/boligdage.dk\/da\/wp-json\/wp\/v2\/comments?post=3339"}],"version-history":[{"count":4,"href":"http:\/\/boligdage.dk\/da\/wp-json\/wp\/v2\/pages\/3339\/revisions"}],"predecessor-version":[{"id":6935,"href":"http:\/\/boligdage.dk\/da\/wp-json\/wp\/v2\/pages\/3339\/revisions\/6935"}],"wp:attachment":[{"href":"http:\/\/boligdage.dk\/da\/wp-json\/wp\/v2\/media?parent=3339"}],"curies":[{"name":"wp","href":"https:\/\/api.w.org\/{rel}","templated":true}]}}